{"id":111,"date":"2020-10-05T12:17:22","date_gmt":"2020-10-05T12:17:22","guid":{"rendered":"https:\/\/maisonfuneraire-stjean.myskydoowebsite.com\/?page_id=111"},"modified":"2024-05-23T08:35:06","modified_gmt":"2024-05-23T08:35:06","slug":"accueil","status":"publish","type":"page","link":"https:\/\/maisonfuneraire-stjean.myskydoowebsite.com\/","title":{"rendered":"Accueil"},"content":{"rendered":"\t\t<div data-elementor-type=\"wp-page\" data-elementor-id=\"111\" class=\"elementor elementor-111\" data-elementor-post-type=\"page\">\n\t\t\t\t<div class=\"elementor-element elementor-element-6c44fe6 e-con-full e-flex e-con e-parent\" data-id=\"6c44fe6\" data-element_type=\"container\" data-e-type=\"container\">\n\t\t<div class=\"elementor-element elementor-element-0bf3456 e-con-full e-flex e-con e-child\" data-id=\"0bf3456\" data-element_type=\"container\" data-e-type=\"container\">\n\t\t\t\t<div class=\"elementor-element elementor-element-6ff41a1 elementor--h-position-left elementor--v-position-bottom elementor-widget elementor-widget-slides\" data-id=\"6ff41a1\" data-element_type=\"widget\" data-e-type=\"widget\" data-settings=\"{&quot;navigation&quot;:&quot;none&quot;,&quot;autoplay_speed&quot;:10000,&quot;autoplay&quot;:&quot;yes&quot;,&quot;pause_on_hover&quot;:&quot;yes&quot;,&quot;pause_on_interaction&quot;:&quot;yes&quot;,&quot;infinite&quot;:&quot;yes&quot;,&quot;transition&quot;:&quot;slide&quot;,&quot;transition_speed&quot;:500}\" data-widget_type=\"slides.default\">\n\t\t\t\t<div class=\"elementor-widget-container\">\n\t\t\t\t\t\t\t\t\t<div class=\"elementor-swiper\">\n\t\t\t\t\t<div class=\"elementor-slides-wrapper elementor-main-swiper swiper\" role=\"region\" aria-roledescription=\"carousel\" aria-label=\"Diapositives\" dir=\"ltr\" data-animation=\"fadeInLeft\">\n\t\t\t\t<div class=\"swiper-wrapper elementor-slides\">\n\t\t\t\t\t\t\t\t\t\t<div class=\"elementor-repeater-item-cb00831 swiper-slide\" role=\"group\" aria-roledescription=\"slide\"><div class=\"swiper-slide-bg\" role=\"img\" aria-label=\"Produits vendus par la maison fun\u00e9raire Fossoises avec une pr\u00e9sentation de cercueils, d&#039;urnes, d&#039;ornement de tombe et de composition florales.\"><\/div><a class=\"swiper-slide-inner\" href=\"tel:0032489281515\"><div class=\"swiper-slide-contents\"><div class=\"elementor-slide-heading\">Nous sommes l\u00e0 pour vous<\/div><div class=\"elementor-slide-description\">0489\/281.515<\/div><\/div><\/a><\/div><div class=\"elementor-repeater-item-4dbfc50 swiper-slide\" role=\"group\" aria-roledescription=\"slide\"><div class=\"swiper-slide-bg\" role=\"img\" aria-label=\"Photo d&#039;accueil de la boutique de pompe fun\u00e8bre Fossoises, cercueils en bois, urnes et composition florales.\"><\/div><a class=\"swiper-slide-inner\" href=\"tel:0032489281515\"><div class=\"swiper-slide-contents\"><div class=\"elementor-slide-heading\">Nous sommes l\u00e0 pour vous<\/div><div class=\"elementor-slide-description\">0489\/281.515<\/div><\/div><\/a><\/div>\t\t\t\t<\/div>\n\t\t\t\t\t\t\t\t\t\t\t\t\t\t\t\t\t\t\t\t\t<\/div>\n\t\t\t\t<\/div>\n\t\t\t\t\t\t\t\t<\/div>\n\t\t\t\t<\/div>\n\t\t\t\t<\/div>\n\t\t\t\t<\/div>\n\t\t<div class=\"elementor-element elementor-element-7912197 e-flex e-con-boxed e-con e-parent\" data-id=\"7912197\" data-element_type=\"container\" data-e-type=\"container\">\n\t\t\t\t\t<div class=\"e-con-inner\">\n\t\t<div class=\"elementor-element elementor-element-7c1d09a e-con-full e-flex e-con e-child\" data-id=\"7c1d09a\" data-element_type=\"container\" data-e-type=\"container\">\n\t\t\t\t<div class=\"elementor-element elementor-element-c957e48 elementor-widget elementor-widget-heading\" data-id=\"c957e48\" data-element_type=\"widget\" data-e-type=\"widget\" data-widget_type=\"heading.default\">\n\t\t\t\t<div class=\"elementor-widget-container\">\n\t\t\t\t\t<h2 class=\"elementor-heading-title elementor-size-default\">Un accompagnement de premier ordre<\/h2>\t\t\t\t<\/div>\n\t\t\t\t<\/div>\n\t\t\t\t<div class=\"elementor-element elementor-element-4a41fa5 elementor-widget-divider--view-line elementor-widget elementor-widget-divider\" data-id=\"4a41fa5\" data-element_type=\"widget\" data-e-type=\"widget\" data-widget_type=\"divider.default\">\n\t\t\t\t<div class=\"elementor-widget-container\">\n\t\t\t\t\t\t\t<div class=\"elementor-divider\">\n\t\t\t<span class=\"elementor-divider-separator\">\n\t\t\t\t\t\t<\/span>\n\t\t<\/div>\n\t\t\t\t\t\t<\/div>\n\t\t\t\t<\/div>\n\t\t\t\t<div class=\"elementor-element elementor-element-ee7a3ed elementor-widget elementor-widget-heading\" data-id=\"ee7a3ed\" data-element_type=\"widget\" data-e-type=\"widget\" data-widget_type=\"heading.default\">\n\t\t\t\t<div class=\"elementor-widget-container\">\n\t\t\t\t\t<h3 class=\"elementor-heading-title elementor-size-default\">Des pompes fun\u00e8bres d\u00e9vou\u00e9es et toujours \u00e0 l'\u00e9coute<\/h3>\t\t\t\t<\/div>\n\t\t\t\t<\/div>\n\t\t\t\t<div class=\"elementor-element elementor-element-7c8ea9b elementor-widget elementor-widget-text-editor\" data-id=\"7c8ea9b\" data-element_type=\"widget\" data-e-type=\"widget\" data-widget_type=\"text-editor.default\">\n\t\t\t\t<div class=\"elementor-widget-container\">\n\t\t\t\t\t\t\t\t\t<p>Vous d\u00e9sirez souscrire \u00e0 une <b>assurance d\u00e9c\u00e8s<\/b>\u00a0? Une personne proche vient de vous quitter et vous souhaiteriez b\u00e9n\u00e9ficier d&rsquo;un accompagnement optimal pour l&rsquo;organisation de ses <b>fun\u00e9railles<\/b>\u00a0?<\/p><p>Pour tous ces services et bien d&rsquo;autres, quelle que soit votre confession, faites confiance \u00e0 la\u00a0<strong>Maison fun\u00e9raire St-Jean,\u00a0<\/strong>dans toute la <b>Belgique<\/b> ainsi qu&rsquo;\u00e0 <b>l&rsquo;\u00e9tranger<\/b>.<\/p>\t\t\t\t\t\t\t\t<\/div>\n\t\t\t\t<\/div>\n\t\t\t\t<\/div>\n\t\t<div class=\"elementor-element elementor-element-9b4ab93 e-con-full e-flex e-con e-child\" data-id=\"9b4ab93\" data-element_type=\"container\" data-e-type=\"container\" data-settings=\"{&quot;background_background&quot;:&quot;classic&quot;}\">\n\t\t\t\t<\/div>\n\t\t\t\t\t<\/div>\n\t\t\t\t<\/div>\n\t\t<div class=\"elementor-element elementor-element-2410837 e-flex e-con-boxed e-con e-parent\" data-id=\"2410837\" data-element_type=\"container\" data-e-type=\"container\">\n\t\t\t\t\t<div class=\"e-con-inner\">\n\t\t<div class=\"elementor-element elementor-element-a9e41db e-con-full e-flex e-con e-child\" data-id=\"a9e41db\" data-element_type=\"container\" data-e-type=\"container\">\n\t\t\t\t<div class=\"elementor-element elementor-element-92bc560 elementor-widget elementor-widget-heading\" data-id=\"92bc560\" data-element_type=\"widget\" data-e-type=\"widget\" data-widget_type=\"heading.default\">\n\t\t\t\t<div class=\"elementor-widget-container\">\n\t\t\t\t\t<h2 class=\"elementor-heading-title elementor-size-default\">Toutes notre expertise pour vos fun\u00e9railles<\/h2>\t\t\t\t<\/div>\n\t\t\t\t<\/div>\n\t\t\t\t<div class=\"elementor-element elementor-element-51eb140 elementor-widget elementor-widget-heading\" data-id=\"51eb140\" data-element_type=\"widget\" data-e-type=\"widget\" data-widget_type=\"heading.default\">\n\t\t\t\t<div class=\"elementor-widget-container\">\n\t\t\t\t\t<h3 class=\"elementor-heading-title elementor-size-default\">N'h\u00e9sitez pas \u00e0 nous contacter pour :<\/h3>\t\t\t\t<\/div>\n\t\t\t\t<\/div>\n\t\t<div class=\"elementor-element elementor-element-b01b51c e-con-full e-flex e-con e-child\" data-id=\"b01b51c\" data-element_type=\"container\" data-e-type=\"container\">\n\t\t<div class=\"elementor-element elementor-element-91bbfdc e-con-full e-flex e-con e-child\" data-id=\"91bbfdc\" data-element_type=\"container\" data-e-type=\"container\">\n\t\t\t\t<div class=\"elementor-element elementor-element-8459c54 elementor-widget elementor-widget-heading\" data-id=\"8459c54\" data-element_type=\"widget\" data-e-type=\"widget\" data-widget_type=\"heading.default\">\n\t\t\t\t<div class=\"elementor-widget-container\">\n\t\t\t\t\t<h3 class=\"elementor-heading-title elementor-size-default\">En cas de d\u00e9c\u00e8s<\/h3>\t\t\t\t<\/div>\n\t\t\t\t<\/div>\n\t\t\t\t<div class=\"elementor-element elementor-element-9b99271 elementor-widget elementor-widget-text-editor\" data-id=\"9b99271\" data-element_type=\"widget\" data-e-type=\"widget\" data-widget_type=\"text-editor.default\">\n\t\t\t\t<div class=\"elementor-widget-container\">\n\t\t\t\t\t\t\t\t\t<p>Bas\u00e9 \u00e0 <b>Mettet<\/b>, l\u2019\u00e9tablissement prend toutes les \u00e9tapes des fun\u00e9railles en charge.<\/p><p>la <b>Maison Fun\u00e9raires St-Jean<\/b> vous remercient de votre visite.<\/p>\t\t\t\t\t\t\t\t<\/div>\n\t\t\t\t<\/div>\n\t\t\t\t<\/div>\n\t\t<div class=\"elementor-element elementor-element-eb8f41e e-con-full e-flex e-con e-child\" data-id=\"eb8f41e\" data-element_type=\"container\" data-e-type=\"container\">\n\t\t\t\t<div class=\"elementor-element elementor-element-2757bea elementor-widget elementor-widget-heading\" data-id=\"2757bea\" data-element_type=\"widget\" data-e-type=\"widget\" data-widget_type=\"heading.default\">\n\t\t\t\t<div class=\"elementor-widget-container\">\n\t\t\t\t\t<h3 class=\"elementor-heading-title elementor-size-default\">Pr\u00e9voyance obs\u00e8ques<\/h3>\t\t\t\t<\/div>\n\t\t\t\t<\/div>\n\t\t\t\t<div class=\"elementor-element elementor-element-ce582a0 elementor-widget elementor-widget-text-editor\" data-id=\"ce582a0\" data-element_type=\"widget\" data-e-type=\"widget\" data-widget_type=\"text-editor.default\">\n\t\t\t\t<div class=\"elementor-widget-container\">\n\t\t\t\t\t\t\t\t\t<p>Gr\u00e2ce \u00e0 nous, planifiez vos fun\u00e9railles dans les moindres d\u00e9tails et \u00e9pargnez \u00e0 vos proches cette charge suppl\u00e9mentaire en souscrivant \u00e0 une assurance : \u00ab\u00a0Vos derni\u00e8res volont\u00e9s respect\u00e9es : gr\u00e2ce \u00e0 l\u2019<b>assurance d\u00e9c\u00e8s<\/b>\u00ab\u00a0.<\/p>\t\t\t\t\t\t\t\t<\/div>\n\t\t\t\t<\/div>\n\t\t\t\t<\/div>\n\t\t<div class=\"elementor-element elementor-element-1ce8b1e e-con-full e-flex e-con e-child\" data-id=\"1ce8b1e\" data-element_type=\"container\" data-e-type=\"container\">\n\t\t\t\t<div class=\"elementor-element elementor-element-cc0b2a3 elementor-widget elementor-widget-heading\" data-id=\"cc0b2a3\" data-element_type=\"widget\" data-e-type=\"widget\" data-widget_type=\"heading.default\">\n\t\t\t\t<div class=\"elementor-widget-container\">\n\t\t\t\t\t<h3 class=\"elementor-heading-title elementor-size-default\">Composition florale<\/h3>\t\t\t\t<\/div>\n\t\t\t\t<\/div>\n\t\t\t\t<div class=\"elementor-element elementor-element-8d3f7ab elementor-widget elementor-widget-text-editor\" data-id=\"8d3f7ab\" data-element_type=\"widget\" data-e-type=\"widget\" data-widget_type=\"text-editor.default\">\n\t\t\t\t<div class=\"elementor-widget-container\">\n\t\t\t\t\t\t\t\t\t<p>Nous vous proposons un large choix de compositions florales (couronnes, coussins et gerbes) de premi\u00e8re qualit\u00e9.<\/p>\t\t\t\t\t\t\t\t<\/div>\n\t\t\t\t<\/div>\n\t\t\t\t<\/div>\n\t\t\t\t<\/div>\n\t\t\t\t<div class=\"elementor-element elementor-element-d3ff012 gallery-spacing-custom elementor-widget elementor-widget-image-gallery\" data-id=\"d3ff012\" data-element_type=\"widget\" data-e-type=\"widget\" data-widget_type=\"image-gallery.default\">\n\t\t\t\t<div class=\"elementor-widget-container\">\n\t\t\t\t\t\t\t<div class=\"elementor-image-gallery\">\n\t\t\t<div id='gallery-1' class='gallery galleryid-111 gallery-columns-4 gallery-size-full'><figure class='gallery-item'>\n\t\t\t<div class='gallery-icon landscape'>\n\t\t\t\t<a data-elementor-open-lightbox=\"yes\" data-elementor-lightbox-slideshow=\"d3ff012\" data-elementor-lightbox-title=\"160\" data-e-action-hash=\"#elementor-action%3Aaction%3Dlightbox%26settings%3DeyJpZCI6MTM3LCJ1cmwiOiJodHRwczpcL1wvbWFpc29uZnVuZXJhaXJlLXN0amVhbi5teXNreWRvb3dlYnNpdGUuY29tXC93cC1jb250ZW50XC91cGxvYWRzXC8xNjAuanBnIiwic2xpZGVzaG93IjoiZDNmZjAxMiJ9\" href='https:\/\/maisonfuneraire-stjean.myskydoowebsite.com\/wp-content\/uploads\/160.jpg'><img fetchpriority=\"high\" decoding=\"async\" width=\"800\" height=\"534\" src=\"https:\/\/maisonfuneraire-stjean.myskydoowebsite.com\/wp-content\/uploads\/160.jpg\" class=\"attachment-full size-full\" alt=\"Accueil de la maison fun\u00e9raire Fossoises avec une pr\u00e9sentation de cercueils, d&#039;urnes, d&#039;ornement de tombe et de composition florales.\" srcset=\"https:\/\/maisonfuneraire-stjean.myskydoowebsite.com\/wp-content\/uploads\/160.jpg 800w, https:\/\/maisonfuneraire-stjean.myskydoowebsite.com\/wp-content\/uploads\/160-768x513.jpg 768w\" sizes=\"(max-width: 800px) 100vw, 800px\" title=\"\"><\/a>\n\t\t\t<\/div><\/figure><figure class='gallery-item'>\n\t\t\t<div class='gallery-icon landscape'>\n\t\t\t\t<a data-elementor-open-lightbox=\"yes\" data-elementor-lightbox-slideshow=\"d3ff012\" data-elementor-lightbox-title=\"compositions florales et bouquet mortuaires\" data-e-action-hash=\"#elementor-action%3Aaction%3Dlightbox%26settings%3DeyJpZCI6MTM2LCJ1cmwiOiJodHRwczpcL1wvbWFpc29uZnVuZXJhaXJlLXN0amVhbi5teXNreWRvb3dlYnNpdGUuY29tXC93cC1jb250ZW50XC91cGxvYWRzXC8xNTkuanBnIiwic2xpZGVzaG93IjoiZDNmZjAxMiJ9\" href='https:\/\/maisonfuneraire-stjean.myskydoowebsite.com\/wp-content\/uploads\/159.jpg'><img decoding=\"async\" width=\"800\" height=\"534\" src=\"https:\/\/maisonfuneraire-stjean.myskydoowebsite.com\/wp-content\/uploads\/159.jpg\" class=\"attachment-full size-full\" alt=\"Produits vendus par la maison fun\u00e9raire Fossoises avec une pr\u00e9sentation de cercueils, d&#039;urnes, d&#039;ornement de tombe et de composition florales.\" srcset=\"https:\/\/maisonfuneraire-stjean.myskydoowebsite.com\/wp-content\/uploads\/159.jpg 800w, https:\/\/maisonfuneraire-stjean.myskydoowebsite.com\/wp-content\/uploads\/159-768x513.jpg 768w\" sizes=\"(max-width: 800px) 100vw, 800px\" title=\"\"><\/a>\n\t\t\t<\/div><\/figure><figure class='gallery-item'>\n\t\t\t<div class='gallery-icon landscape'>\n\t\t\t\t<a data-elementor-open-lightbox=\"yes\" data-elementor-lightbox-slideshow=\"d3ff012\" data-elementor-lightbox-title=\"162\" data-e-action-hash=\"#elementor-action%3Aaction%3Dlightbox%26settings%3DeyJpZCI6MTM4LCJ1cmwiOiJodHRwczpcL1wvbWFpc29uZnVuZXJhaXJlLXN0amVhbi5teXNreWRvb3dlYnNpdGUuY29tXC93cC1jb250ZW50XC91cGxvYWRzXC8xNjIuanBnIiwic2xpZGVzaG93IjoiZDNmZjAxMiJ9\" href='https:\/\/maisonfuneraire-stjean.myskydoowebsite.com\/wp-content\/uploads\/162.jpg'><img decoding=\"async\" width=\"800\" height=\"534\" src=\"https:\/\/maisonfuneraire-stjean.myskydoowebsite.com\/wp-content\/uploads\/162.jpg\" class=\"attachment-full size-full\" alt=\"Accueil de la maison fun\u00e9raire Fossoises avec une pr\u00e9sentation de cercueils, d&#039;urnes, d&#039;ornement de tombe et de composition florales.\" srcset=\"https:\/\/maisonfuneraire-stjean.myskydoowebsite.com\/wp-content\/uploads\/162.jpg 800w, https:\/\/maisonfuneraire-stjean.myskydoowebsite.com\/wp-content\/uploads\/162-768x513.jpg 768w\" sizes=\"(max-width: 800px) 100vw, 800px\" title=\"\"><\/a>\n\t\t\t<\/div><\/figure><figure class='gallery-item'>\n\t\t\t<div class='gallery-icon landscape'>\n\t\t\t\t<a data-elementor-open-lightbox=\"yes\" data-elementor-lightbox-slideshow=\"d3ff012\" data-elementor-lightbox-title=\"compositions florales et bouquet mortuaires\" data-e-action-hash=\"#elementor-action%3Aaction%3Dlightbox%26settings%3DeyJpZCI6MTM0LCJ1cmwiOiJodHRwczpcL1wvbWFpc29uZnVuZXJhaXJlLXN0amVhbi5teXNreWRvb3dlYnNpdGUuY29tXC93cC1jb250ZW50XC91cGxvYWRzXC8xNTguanBnIiwic2xpZGVzaG93IjoiZDNmZjAxMiJ9\" href='https:\/\/maisonfuneraire-stjean.myskydoowebsite.com\/wp-content\/uploads\/158.jpg'><img loading=\"lazy\" decoding=\"async\" width=\"800\" height=\"534\" src=\"https:\/\/maisonfuneraire-stjean.myskydoowebsite.com\/wp-content\/uploads\/158.jpg\" class=\"attachment-full size-full\" alt=\"Produits vendus par la maison fun\u00e9raire Fossoises avec une pr\u00e9sentation de cercueils, d&#039;urnes, d&#039;ornement de tombe et de composition florales.\" srcset=\"https:\/\/maisonfuneraire-stjean.myskydoowebsite.com\/wp-content\/uploads\/158.jpg 800w, https:\/\/maisonfuneraire-stjean.myskydoowebsite.com\/wp-content\/uploads\/158-768x513.jpg 768w\" sizes=\"(max-width: 800px) 100vw, 800px\" title=\"\"><\/a>\n\t\t\t<\/div><\/figure>\n\t\t<\/div>\n\t\t<\/div>\n\t\t\t\t\t\t<\/div>\n\t\t\t\t<\/div>\n\t\t\t\t<\/div>\n\t\t\t\t\t<\/div>\n\t\t\t\t<\/div>\n\t\t\t\t<\/div>\n\t\t","protected":false},"excerpt":{"rendered":"<p>Nous sommes l\u00e0 pour vous0489\/281.515Nous sommes l\u00e0 pour vous0489\/281.515 Un accompagnement de premier ordre Des pompes fun\u00e8bres d\u00e9vou\u00e9es et toujours \u00e0 l&rsquo;\u00e9coute Vous d\u00e9sirez souscrire \u00e0 une assurance d\u00e9c\u00e8s\u00a0? Une personne proche vient de vous quitter et vous souhaiteriez b\u00e9n\u00e9ficier d&rsquo;un accompagnement optimal pour l&rsquo;organisation de ses fun\u00e9railles\u00a0? Pour tous ces services et bien d&rsquo;autres, [&hellip;]<\/p>\n","protected":false},"author":1,"featured_media":0,"parent":0,"menu_order":0,"comment_status":"closed","ping_status":"closed","template":"elementor_header_footer","meta":{"footnotes":""},"class_list":["post-111","page","type-page","status-publish","hentry"],"_links":{"self":[{"href":"https:\/\/maisonfuneraire-stjean.myskydoowebsite.com\/index.php?rest_route=\/wp\/v2\/pages\/111","targetHints":{"allow":["GET"]}}],"collection":[{"href":"https:\/\/maisonfuneraire-stjean.myskydoowebsite.com\/index.php?rest_route=\/wp\/v2\/pages"}],"about":[{"href":"https:\/\/maisonfuneraire-stjean.myskydoowebsite.com\/index.php?rest_route=\/wp\/v2\/types\/page"}],"author":[{"embeddable":true,"href":"https:\/\/maisonfuneraire-stjean.myskydoowebsite.com\/index.php?rest_route=\/wp\/v2\/users\/1"}],"replies":[{"embeddable":true,"href":"https:\/\/maisonfuneraire-stjean.myskydoowebsite.com\/index.php?rest_route=%2Fwp%2Fv2%2Fcomments&post=111"}],"version-history":[{"count":70,"href":"https:\/\/maisonfuneraire-stjean.myskydoowebsite.com\/index.php?rest_route=\/wp\/v2\/pages\/111\/revisions"}],"predecessor-version":[{"id":586,"href":"https:\/\/maisonfuneraire-stjean.myskydoowebsite.com\/index.php?rest_route=\/wp\/v2\/pages\/111\/revisions\/586"}],"wp:attachment":[{"href":"https:\/\/maisonfuneraire-stjean.myskydoowebsite.com\/index.php?rest_route=%2Fwp%2Fv2%2Fmedia&parent=111"}],"curies":[{"name":"wp","href":"https:\/\/api.w.org\/{rel}","templated":true}]}}