{"id":113,"date":"2020-10-05T12:17:39","date_gmt":"2020-10-05T12:17:39","guid":{"rendered":"https:\/\/maisonfuneraire-stjean.myskydoowebsite.com\/?page_id=113"},"modified":"2024-05-23T08:32:38","modified_gmt":"2024-05-23T08:32:38","slug":"en-cas-de-deces","status":"publish","type":"page","link":"https:\/\/maisonfuneraire-stjean.myskydoowebsite.com\/?page_id=113","title":{"rendered":"En cas de d\u00e9c\u00e8s"},"content":{"rendered":"\t\t<div data-elementor-type=\"wp-page\" data-elementor-id=\"113\" class=\"elementor elementor-113\" data-elementor-post-type=\"page\">\n\t\t\t\t\t\t<section class=\"elementor-section elementor-top-section elementor-element elementor-element-62e5caa elementor-section-full_width elementor-section-height-default elementor-section-height-default\" data-id=\"62e5caa\" data-element_type=\"section\" data-e-type=\"section\">\n\t\t\t\t\t\t<div class=\"elementor-container elementor-column-gap-no\">\n\t\t\t\t\t<div class=\"elementor-column elementor-col-100 elementor-top-column elementor-element elementor-element-348816a\" data-id=\"348816a\" data-element_type=\"column\" data-e-type=\"column\">\n\t\t\t<div class=\"elementor-widget-wrap elementor-element-populated\">\n\t\t\t\t\t\t<div class=\"elementor-element elementor-element-5481da0 elementor--h-position-left elementor--v-position-bottom elementor-widget elementor-widget-global elementor-global-190 elementor-widget-slides\" data-id=\"5481da0\" data-element_type=\"widget\" data-e-type=\"widget\" data-settings=\"{&quot;navigation&quot;:&quot;none&quot;,&quot;autoplay_speed&quot;:10000,&quot;autoplay&quot;:&quot;yes&quot;,&quot;pause_on_hover&quot;:&quot;yes&quot;,&quot;pause_on_interaction&quot;:&quot;yes&quot;,&quot;infinite&quot;:&quot;yes&quot;,&quot;transition&quot;:&quot;slide&quot;,&quot;transition_speed&quot;:500}\" data-widget_type=\"slides.default\">\n\t\t\t\t<div class=\"elementor-widget-container\">\n\t\t\t\t\t\t\t\t\t<div class=\"elementor-swiper\">\n\t\t\t\t\t<div class=\"elementor-slides-wrapper elementor-main-swiper swiper\" role=\"region\" aria-roledescription=\"carousel\" aria-label=\"Diapositives\" dir=\"ltr\" data-animation=\"fadeInLeft\">\n\t\t\t\t<div class=\"swiper-wrapper elementor-slides\">\n\t\t\t\t\t\t\t\t\t\t<div class=\"elementor-repeater-item-cb00831 swiper-slide\" role=\"group\" aria-roledescription=\"slide\"><div class=\"swiper-slide-bg\" role=\"img\" aria-label=\"Produits vendus par la maison fun\u00e9raire Fossoises avec une pr\u00e9sentation de cercueils, d&#039;urnes, d&#039;ornement de tombe et de composition florales.\"><\/div><a class=\"swiper-slide-inner\" href=\"tel:0032489281515\"><div class=\"swiper-slide-contents\"><div class=\"elementor-slide-heading\">Nous sommes l\u00e0 pour vous<\/div><div class=\"elementor-slide-description\">0489\/281.515<\/div><\/div><\/a><\/div><div class=\"elementor-repeater-item-4dbfc50 swiper-slide\" role=\"group\" aria-roledescription=\"slide\"><div class=\"swiper-slide-bg\" role=\"img\" aria-label=\"Photo d&#039;accueil de la boutique de pompe fun\u00e8bre Fossoises, cercueils en bois, urnes et composition florales.\"><\/div><a class=\"swiper-slide-inner\" href=\"tel:0032489281515\"><div class=\"swiper-slide-contents\"><div class=\"elementor-slide-heading\">Nous sommes l\u00e0 pour vous<\/div><div class=\"elementor-slide-description\">0489\/281.515<\/div><\/div><\/a><\/div>\t\t\t\t<\/div>\n\t\t\t\t\t\t\t\t\t\t\t\t\t\t\t\t\t\t\t\t\t<\/div>\n\t\t\t\t<\/div>\n\t\t\t\t\t\t\t\t<\/div>\n\t\t\t\t<\/div>\n\t\t\t\t\t<\/div>\n\t\t<\/div>\n\t\t\t\t\t<\/div>\n\t\t<\/section>\n\t\t<div class=\"elementor-element elementor-element-43da65a e-flex e-con-boxed e-con e-parent\" data-id=\"43da65a\" data-element_type=\"container\" data-e-type=\"container\">\n\t\t\t\t\t<div class=\"e-con-inner\">\n\t\t<div class=\"elementor-element elementor-element-0564c6a e-con-full e-flex e-con e-child\" data-id=\"0564c6a\" data-element_type=\"container\" data-e-type=\"container\">\n\t\t\t\t<div class=\"elementor-element elementor-element-ea9f2f5 elementor-widget elementor-widget-heading\" data-id=\"ea9f2f5\" data-element_type=\"widget\" data-e-type=\"widget\" data-widget_type=\"heading.default\">\n\t\t\t\t<div class=\"elementor-widget-container\">\n\t\t\t\t\t<h1 class=\"elementor-heading-title elementor-size-default\">En cas de d\u00e9c\u00e8s<\/h1>\t\t\t\t<\/div>\n\t\t\t\t<\/div>\n\t\t\t\t<div class=\"elementor-element elementor-element-a9204a8 elementor-widget-divider--view-line elementor-widget elementor-widget-divider\" data-id=\"a9204a8\" data-element_type=\"widget\" data-e-type=\"widget\" data-widget_type=\"divider.default\">\n\t\t\t\t<div class=\"elementor-widget-container\">\n\t\t\t\t\t\t\t<div class=\"elementor-divider\">\n\t\t\t<span class=\"elementor-divider-separator\">\n\t\t\t\t\t\t<\/span>\n\t\t<\/div>\n\t\t\t\t\t\t<\/div>\n\t\t\t\t<\/div>\n\t\t\t\t<div class=\"elementor-element elementor-element-252a7ec elementor-widget elementor-widget-text-editor\" data-id=\"252a7ec\" data-element_type=\"widget\" data-e-type=\"widget\" data-widget_type=\"text-editor.default\">\n\t\t\t\t<div class=\"elementor-widget-container\">\n\t\t\t\t\t\t\t\t\t<p>Pour organiser des\u00a0<strong>fun\u00e9railles<\/strong>, vous pouvez contacter la Maison Fun\u00e9raires St-Jean au\u00a0<strong>071\/71.32.00<\/strong>. Cette derni\u00e8re est \u00e9galement joignable par mail via le formulaire ci-dessous.<\/p><p>Bas\u00e9 \u00e0 Mettet, l\u2019\u00e9tablissement prend toutes les \u00e9tapes des fun\u00e9railles en charge.<\/p><p>La Maison Fun\u00e9raires St-Jean vous remercie de votre visite.<\/p>\t\t\t\t\t\t\t\t<\/div>\n\t\t\t\t<\/div>\n\t\t\t\t<\/div>\n\t\t\t\t\t<\/div>\n\t\t\t\t<\/div>\n\t\t\t\t<\/div>\n\t\t","protected":false},"excerpt":{"rendered":"<p>Nous sommes l\u00e0 pour vous0489\/281.515Nous sommes l\u00e0 pour vous0489\/281.515 En cas de d\u00e9c\u00e8s Pour organiser des\u00a0fun\u00e9railles, vous pouvez contacter la Maison Fun\u00e9raires St-Jean au\u00a0071\/71.32.00. Cette derni\u00e8re est \u00e9galement joignable par mail via le formulaire ci-dessous. Bas\u00e9 \u00e0 Mettet, l\u2019\u00e9tablissement prend toutes les \u00e9tapes des fun\u00e9railles en charge. La Maison Fun\u00e9raires St-Jean vous remercie de votre [&hellip;]<\/p>\n","protected":false},"author":1,"featured_media":0,"parent":0,"menu_order":0,"comment_status":"closed","ping_status":"closed","template":"elementor_header_footer","meta":{"footnotes":""},"class_list":["post-113","page","type-page","status-publish","hentry"],"_links":{"self":[{"href":"https:\/\/maisonfuneraire-stjean.myskydoowebsite.com\/index.php?rest_route=\/wp\/v2\/pages\/113","targetHints":{"allow":["GET"]}}],"collection":[{"href":"https:\/\/maisonfuneraire-stjean.myskydoowebsite.com\/index.php?rest_route=\/wp\/v2\/pages"}],"about":[{"href":"https:\/\/maisonfuneraire-stjean.myskydoowebsite.com\/index.php?rest_route=\/wp\/v2\/types\/page"}],"author":[{"embeddable":true,"href":"https:\/\/maisonfuneraire-stjean.myskydoowebsite.com\/index.php?rest_route=\/wp\/v2\/users\/1"}],"replies":[{"embeddable":true,"href":"https:\/\/maisonfuneraire-stjean.myskydoowebsite.com\/index.php?rest_route=%2Fwp%2Fv2%2Fcomments&post=113"}],"version-history":[{"count":22,"href":"https:\/\/maisonfuneraire-stjean.myskydoowebsite.com\/index.php?rest_route=\/wp\/v2\/pages\/113\/revisions"}],"predecessor-version":[{"id":571,"href":"https:\/\/maisonfuneraire-stjean.myskydoowebsite.com\/index.php?rest_route=\/wp\/v2\/pages\/113\/revisions\/571"}],"wp:attachment":[{"href":"https:\/\/maisonfuneraire-stjean.myskydoowebsite.com\/index.php?rest_route=%2Fwp%2Fv2%2Fmedia&parent=113"}],"curies":[{"name":"wp","href":"https:\/\/api.w.org\/{rel}","templated":true}]}}