{"id":117,"date":"2020-10-05T12:18:32","date_gmt":"2020-10-05T12:18:32","guid":{"rendered":"https:\/\/maisonfuneraire-stjean.myskydoowebsite.com\/?page_id=117"},"modified":"2024-05-23T08:28:00","modified_gmt":"2024-05-23T08:28:00","slug":"composition-florale","status":"publish","type":"page","link":"https:\/\/maisonfuneraire-stjean.myskydoowebsite.com\/?page_id=117","title":{"rendered":"Composition florale"},"content":{"rendered":"\t\t<div data-elementor-type=\"wp-page\" data-elementor-id=\"117\" class=\"elementor elementor-117\" data-elementor-post-type=\"page\">\n\t\t\t\t\t\t<section class=\"elementor-section elementor-top-section elementor-element elementor-element-f5da898 elementor-section-full_width elementor-section-height-default elementor-section-height-default\" data-id=\"f5da898\" data-element_type=\"section\" data-e-type=\"section\">\n\t\t\t\t\t\t<div class=\"elementor-container elementor-column-gap-no\">\n\t\t\t\t\t<div class=\"elementor-column elementor-col-100 elementor-top-column elementor-element elementor-element-062be7c\" data-id=\"062be7c\" data-element_type=\"column\" data-e-type=\"column\">\n\t\t\t<div class=\"elementor-widget-wrap elementor-element-populated\">\n\t\t\t\t\t\t<div class=\"elementor-element elementor-element-6fef113 elementor--h-position-left elementor--v-position-bottom elementor-widget elementor-widget-global elementor-global-190 elementor-widget-slides\" data-id=\"6fef113\" data-element_type=\"widget\" data-e-type=\"widget\" data-settings=\"{&quot;navigation&quot;:&quot;none&quot;,&quot;autoplay_speed&quot;:10000,&quot;autoplay&quot;:&quot;yes&quot;,&quot;pause_on_hover&quot;:&quot;yes&quot;,&quot;pause_on_interaction&quot;:&quot;yes&quot;,&quot;infinite&quot;:&quot;yes&quot;,&quot;transition&quot;:&quot;slide&quot;,&quot;transition_speed&quot;:500}\" data-widget_type=\"slides.default\">\n\t\t\t\t<div class=\"elementor-widget-container\">\n\t\t\t\t\t\t\t\t\t<div class=\"elementor-swiper\">\n\t\t\t\t\t<div class=\"elementor-slides-wrapper elementor-main-swiper swiper\" role=\"region\" aria-roledescription=\"carousel\" aria-label=\"Diapositives\" dir=\"ltr\" data-animation=\"fadeInLeft\">\n\t\t\t\t<div class=\"swiper-wrapper elementor-slides\">\n\t\t\t\t\t\t\t\t\t\t<div class=\"elementor-repeater-item-cb00831 swiper-slide\" role=\"group\" aria-roledescription=\"slide\"><div class=\"swiper-slide-bg\" role=\"img\" aria-label=\"Produits vendus par la maison fun\u00e9raire Fossoises avec une pr\u00e9sentation de cercueils, d&#039;urnes, d&#039;ornement de tombe et de composition florales.\"><\/div><a class=\"swiper-slide-inner\" href=\"tel:0032489281515\"><div class=\"swiper-slide-contents\"><div class=\"elementor-slide-heading\">Nous sommes l\u00e0 pour vous<\/div><div class=\"elementor-slide-description\">0489\/281.515<\/div><\/div><\/a><\/div><div class=\"elementor-repeater-item-4dbfc50 swiper-slide\" role=\"group\" aria-roledescription=\"slide\"><div class=\"swiper-slide-bg\" role=\"img\" aria-label=\"Photo d&#039;accueil de la boutique de pompe fun\u00e8bre Fossoises, cercueils en bois, urnes et composition florales.\"><\/div><a class=\"swiper-slide-inner\" href=\"tel:0032489281515\"><div class=\"swiper-slide-contents\"><div class=\"elementor-slide-heading\">Nous sommes l\u00e0 pour vous<\/div><div class=\"elementor-slide-description\">0489\/281.515<\/div><\/div><\/a><\/div>\t\t\t\t<\/div>\n\t\t\t\t\t\t\t\t\t\t\t\t\t\t\t\t\t\t\t\t\t<\/div>\n\t\t\t\t<\/div>\n\t\t\t\t\t\t\t\t<\/div>\n\t\t\t\t<\/div>\n\t\t\t\t\t<\/div>\n\t\t<\/div>\n\t\t\t\t\t<\/div>\n\t\t<\/section>\n\t\t<div class=\"elementor-element elementor-element-bfde7df e-flex e-con-boxed e-con e-parent\" data-id=\"bfde7df\" data-element_type=\"container\" data-e-type=\"container\">\n\t\t\t\t\t<div class=\"e-con-inner\">\n\t\t<div class=\"elementor-element elementor-element-d6ec4c2 e-con-full e-flex e-con e-child\" data-id=\"d6ec4c2\" data-element_type=\"container\" data-e-type=\"container\">\n\t\t\t\t<div class=\"elementor-element elementor-element-0fccd8c elementor-widget elementor-widget-heading\" data-id=\"0fccd8c\" data-element_type=\"widget\" data-e-type=\"widget\" data-widget_type=\"heading.default\">\n\t\t\t\t<div class=\"elementor-widget-container\">\n\t\t\t\t\t<h1 class=\"elementor-heading-title elementor-size-default\">Composition florale<\/h1>\t\t\t\t<\/div>\n\t\t\t\t<\/div>\n\t\t\t\t<div class=\"elementor-element elementor-element-e638b67 elementor-widget-divider--view-line elementor-widget elementor-widget-divider\" data-id=\"e638b67\" data-element_type=\"widget\" data-e-type=\"widget\" data-widget_type=\"divider.default\">\n\t\t\t\t<div class=\"elementor-widget-container\">\n\t\t\t\t\t\t\t<div class=\"elementor-divider\">\n\t\t\t<span class=\"elementor-divider-separator\">\n\t\t\t\t\t\t<\/span>\n\t\t<\/div>\n\t\t\t\t\t\t<\/div>\n\t\t\t\t<\/div>\n\t\t\t\t<div class=\"elementor-element elementor-element-65fb431 elementor-widget elementor-widget-heading\" data-id=\"65fb431\" data-element_type=\"widget\" data-e-type=\"widget\" data-widget_type=\"heading.default\">\n\t\t\t\t<div class=\"elementor-widget-container\">\n\t\t\t\t\t<h2 class=\"elementor-heading-title elementor-size-default\">Nous r\u00e9alisons vos compositions florales<\/h2>\t\t\t\t<\/div>\n\t\t\t\t<\/div>\n\t\t\t\t<div class=\"elementor-element elementor-element-9cdd6c3 elementor-widget elementor-widget-text-editor\" data-id=\"9cdd6c3\" data-element_type=\"widget\" data-e-type=\"widget\" data-widget_type=\"text-editor.default\">\n\t\t\t\t<div class=\"elementor-widget-container\">\n\t\t\t\t\t\t\t\t\t<p>Un magnifique bouquet de fleurs constitue la fa\u00e7on id\u00e9ale de rendre un dernier hommage \u00e0 une personne proche ou d&rsquo;honorer sa m\u00e9moire. Les Pompes Fun\u00e8bres Fossoises vous proposent un vaste choix de\u00a0<strong>compositions Florales \u00e0 Fosses-la-Ville<\/strong>, dans toute la Belgique ainsi qu&rsquo;\u00e0 l&rsquo;\u00e9tranger.<\/p>\t\t\t\t\t\t\t\t<\/div>\n\t\t\t\t<\/div>\n\t\t\t\t<div class=\"elementor-element elementor-element-501a9b5 elementor-widget elementor-widget-heading\" data-id=\"501a9b5\" data-element_type=\"widget\" data-e-type=\"widget\" data-widget_type=\"heading.default\">\n\t\t\t\t<div class=\"elementor-widget-container\">\n\t\t\t\t\t<h2 class=\"elementor-heading-title elementor-size-default\">Un large \u00e9ventail de bouquets mortuaires<\/h2>\t\t\t\t<\/div>\n\t\t\t\t<\/div>\n\t\t\t\t<div class=\"elementor-element elementor-element-b51dd4f elementor-widget elementor-widget-text-editor\" data-id=\"b51dd4f\" data-element_type=\"widget\" data-e-type=\"widget\" data-widget_type=\"text-editor.default\">\n\t\t\t\t<div class=\"elementor-widget-container\">\n\t\t\t\t\t\t\t\t\t<p>Nous vous proposons\u00a0:<\/p><ul><li>Une belle s\u00e9lection de coussins, couronnes et gerbes sur catalogue (et via notre site Web) r\u00e9alis\u00e9s \u00e0 partir de fleurs fra\u00eeches ou en soie<\/li><li>Des compositions florales r\u00e9alis\u00e9es sur mesure<\/li><li>La livraison de fleurs\u00a0en Belgique et \u00e0 l&rsquo;\u00e9tranger<\/li><li>La r\u00e9alisation et l&rsquo;envoi de faire-part de d\u00e9c\u00e8s<\/li><li>Un ensemble de plaques, vases, gravures et bronzes<\/li><\/ul><p>Faites-nous une demande de\u00a0<strong>devis<\/strong>.<\/p>\t\t\t\t\t\t\t\t<\/div>\n\t\t\t\t<\/div>\n\t\t\t\t<div class=\"elementor-element elementor-element-5b16497 elementor-widget elementor-widget-heading\" data-id=\"5b16497\" data-element_type=\"widget\" data-e-type=\"widget\" data-widget_type=\"heading.default\">\n\t\t\t\t<div class=\"elementor-widget-container\">\n\t\t\t\t\t<h2 class=\"elementor-heading-title elementor-size-default\">Quelques-unes de nos compositions<\/h2>\t\t\t\t<\/div>\n\t\t\t\t<\/div>\n\t\t\t\t<div class=\"elementor-element elementor-element-6ec9350 elementor-widget elementor-widget-text-editor\" data-id=\"6ec9350\" data-element_type=\"widget\" data-e-type=\"widget\" data-widget_type=\"text-editor.default\">\n\t\t\t\t<div class=\"elementor-widget-container\">\n\t\t\t\t\t\t\t\t\t<p>Nos compositions florales se composent uniquement de fleurs fraiches ou de fleurs en soie de premi\u00e8re qualit\u00e9 fabriqu\u00e9es en Belgique par des professionnels renomm\u00e9s (la soci\u00e9t\u00e9 Image). Vous b\u00e9n\u00e9ficierez donc de ce qui se fait de mieux, et ce quel que soit votre budget.<\/p><p>N&rsquo;h\u00e9sitez pas \u00e0 nous\u00a0poser vos questions\u00a0par t\u00e9l\u00e9phone ou via le formulaire de contact.<\/p>\t\t\t\t\t\t\t\t<\/div>\n\t\t\t\t<\/div>\n\t\t\t\t<div class=\"elementor-element elementor-element-e2d549a gallery-spacing-custom elementor-widget elementor-widget-image-gallery\" data-id=\"e2d549a\" data-element_type=\"widget\" data-e-type=\"widget\" data-widget_type=\"image-gallery.default\">\n\t\t\t\t<div class=\"elementor-widget-container\">\n\t\t\t\t\t\t\t<div class=\"elementor-image-gallery\">\n\t\t\t<div id='gallery-1' class='gallery galleryid-117 gallery-columns-3 gallery-size-full'><figure class='gallery-item'>\n\t\t\t<div class='gallery-icon landscape'>\n\t\t\t\t<a data-elementor-open-lightbox=\"yes\" data-elementor-lightbox-slideshow=\"e2d549a\" data-elementor-lightbox-title=\"compositions florales et bouquet mortuaires\" data-e-action-hash=\"#elementor-action%3Aaction%3Dlightbox%26settings%3DeyJpZCI6MTM0LCJ1cmwiOiJodHRwczpcL1wvbWFpc29uZnVuZXJhaXJlLXN0amVhbi5teXNreWRvb3dlYnNpdGUuY29tXC93cC1jb250ZW50XC91cGxvYWRzXC8xNTguanBnIiwic2xpZGVzaG93IjoiZTJkNTQ5YSJ9\" href='https:\/\/maisonfuneraire-stjean.myskydoowebsite.com\/wp-content\/uploads\/158.jpg'><img fetchpriority=\"high\" decoding=\"async\" width=\"800\" height=\"534\" src=\"https:\/\/maisonfuneraire-stjean.myskydoowebsite.com\/wp-content\/uploads\/158.jpg\" class=\"attachment-full size-full\" alt=\"Produits vendus par la maison fun\u00e9raire Fossoises avec une pr\u00e9sentation de cercueils, d&#039;urnes, d&#039;ornement de tombe et de composition florales.\" srcset=\"https:\/\/maisonfuneraire-stjean.myskydoowebsite.com\/wp-content\/uploads\/158.jpg 800w, https:\/\/maisonfuneraire-stjean.myskydoowebsite.com\/wp-content\/uploads\/158-768x513.jpg 768w\" sizes=\"(max-width: 800px) 100vw, 800px\" title=\"\"><\/a>\n\t\t\t<\/div><\/figure><figure class='gallery-item'>\n\t\t\t<div class='gallery-icon landscape'>\n\t\t\t\t<a data-elementor-open-lightbox=\"yes\" data-elementor-lightbox-slideshow=\"e2d549a\" data-elementor-lightbox-title=\"compositions florales et bouquet mortuaires\" data-e-action-hash=\"#elementor-action%3Aaction%3Dlightbox%26settings%3DeyJpZCI6MTM2LCJ1cmwiOiJodHRwczpcL1wvbWFpc29uZnVuZXJhaXJlLXN0amVhbi5teXNreWRvb3dlYnNpdGUuY29tXC93cC1jb250ZW50XC91cGxvYWRzXC8xNTkuanBnIiwic2xpZGVzaG93IjoiZTJkNTQ5YSJ9\" href='https:\/\/maisonfuneraire-stjean.myskydoowebsite.com\/wp-content\/uploads\/159.jpg'><img decoding=\"async\" width=\"800\" height=\"534\" src=\"https:\/\/maisonfuneraire-stjean.myskydoowebsite.com\/wp-content\/uploads\/159.jpg\" class=\"attachment-full size-full\" alt=\"Produits vendus par la maison fun\u00e9raire Fossoises avec une pr\u00e9sentation de cercueils, d&#039;urnes, d&#039;ornement de tombe et de composition florales.\" srcset=\"https:\/\/maisonfuneraire-stjean.myskydoowebsite.com\/wp-content\/uploads\/159.jpg 800w, https:\/\/maisonfuneraire-stjean.myskydoowebsite.com\/wp-content\/uploads\/159-768x513.jpg 768w\" sizes=\"(max-width: 800px) 100vw, 800px\" title=\"\"><\/a>\n\t\t\t<\/div><\/figure><figure class='gallery-item'>\n\t\t\t<div class='gallery-icon landscape'>\n\t\t\t\t<a data-elementor-open-lightbox=\"yes\" data-elementor-lightbox-slideshow=\"e2d549a\" data-elementor-lightbox-title=\"162\" data-e-action-hash=\"#elementor-action%3Aaction%3Dlightbox%26settings%3DeyJpZCI6MTM4LCJ1cmwiOiJodHRwczpcL1wvbWFpc29uZnVuZXJhaXJlLXN0amVhbi5teXNreWRvb3dlYnNpdGUuY29tXC93cC1jb250ZW50XC91cGxvYWRzXC8xNjIuanBnIiwic2xpZGVzaG93IjoiZTJkNTQ5YSJ9\" href='https:\/\/maisonfuneraire-stjean.myskydoowebsite.com\/wp-content\/uploads\/162.jpg'><img decoding=\"async\" width=\"800\" height=\"534\" src=\"https:\/\/maisonfuneraire-stjean.myskydoowebsite.com\/wp-content\/uploads\/162.jpg\" class=\"attachment-full size-full\" alt=\"Accueil de la maison fun\u00e9raire Fossoises avec une pr\u00e9sentation de cercueils, d&#039;urnes, d&#039;ornement de tombe et de composition florales.\" srcset=\"https:\/\/maisonfuneraire-stjean.myskydoowebsite.com\/wp-content\/uploads\/162.jpg 800w, https:\/\/maisonfuneraire-stjean.myskydoowebsite.com\/wp-content\/uploads\/162-768x513.jpg 768w\" sizes=\"(max-width: 800px) 100vw, 800px\" title=\"\"><\/a>\n\t\t\t<\/div><\/figure><figure class='gallery-item'>\n\t\t\t<div class='gallery-icon landscape'>\n\t\t\t\t<a data-elementor-open-lightbox=\"yes\" data-elementor-lightbox-slideshow=\"e2d549a\" data-elementor-lightbox-title=\"160\" data-e-action-hash=\"#elementor-action%3Aaction%3Dlightbox%26settings%3DeyJpZCI6MTM3LCJ1cmwiOiJodHRwczpcL1wvbWFpc29uZnVuZXJhaXJlLXN0amVhbi5teXNreWRvb3dlYnNpdGUuY29tXC93cC1jb250ZW50XC91cGxvYWRzXC8xNjAuanBnIiwic2xpZGVzaG93IjoiZTJkNTQ5YSJ9\" href='https:\/\/maisonfuneraire-stjean.myskydoowebsite.com\/wp-content\/uploads\/160.jpg'><img loading=\"lazy\" decoding=\"async\" width=\"800\" height=\"534\" src=\"https:\/\/maisonfuneraire-stjean.myskydoowebsite.com\/wp-content\/uploads\/160.jpg\" class=\"attachment-full size-full\" alt=\"Accueil de la maison fun\u00e9raire Fossoises avec une pr\u00e9sentation de cercueils, d&#039;urnes, d&#039;ornement de tombe et de composition florales.\" srcset=\"https:\/\/maisonfuneraire-stjean.myskydoowebsite.com\/wp-content\/uploads\/160.jpg 800w, https:\/\/maisonfuneraire-stjean.myskydoowebsite.com\/wp-content\/uploads\/160-768x513.jpg 768w\" sizes=\"(max-width: 800px) 100vw, 800px\" title=\"\"><\/a>\n\t\t\t<\/div><\/figure><figure class='gallery-item'>\n\t\t\t<div class='gallery-icon landscape'>\n\t\t\t\t<a data-elementor-open-lightbox=\"yes\" data-elementor-lightbox-slideshow=\"e2d549a\" data-elementor-lightbox-title=\"monument fun\u00e9raire et bouquet mortuaires\" data-e-action-hash=\"#elementor-action%3Aaction%3Dlightbox%26settings%3DeyJpZCI6MTMyLCJ1cmwiOiJodHRwczpcL1wvbWFpc29uZnVuZXJhaXJlLXN0amVhbi5teXNreWRvb3dlYnNpdGUuY29tXC93cC1jb250ZW50XC91cGxvYWRzXC8xNTcuanBnIiwic2xpZGVzaG93IjoiZTJkNTQ5YSJ9\" href='https:\/\/maisonfuneraire-stjean.myskydoowebsite.com\/wp-content\/uploads\/157.jpg'><img loading=\"lazy\" decoding=\"async\" width=\"800\" height=\"534\" src=\"https:\/\/maisonfuneraire-stjean.myskydoowebsite.com\/wp-content\/uploads\/157.jpg\" class=\"attachment-full size-full\" alt=\"Produits vendus par la maison fun\u00e9raire Fossoises avec une pr\u00e9sentation de cercueils, d&#039;urnes, d&#039;ornement de tombe et de composition florales.\" srcset=\"https:\/\/maisonfuneraire-stjean.myskydoowebsite.com\/wp-content\/uploads\/157.jpg 800w, https:\/\/maisonfuneraire-stjean.myskydoowebsite.com\/wp-content\/uploads\/157-768x513.jpg 768w\" sizes=\"(max-width: 800px) 100vw, 800px\" title=\"\"><\/a>\n\t\t\t<\/div><\/figure><figure class='gallery-item'>\n\t\t\t<div class='gallery-icon landscape'>\n\t\t\t\t<a data-elementor-open-lightbox=\"yes\" data-elementor-lightbox-slideshow=\"e2d549a\" data-elementor-lightbox-title=\"monument fun\u00e9raire et bouquet mortuaires\" data-e-action-hash=\"#elementor-action%3Aaction%3Dlightbox%26settings%3DeyJpZCI6MTMwLCJ1cmwiOiJodHRwczpcL1wvbWFpc29uZnVuZXJhaXJlLXN0amVhbi5teXNreWRvb3dlYnNpdGUuY29tXC93cC1jb250ZW50XC91cGxvYWRzXC8xNTYuanBnIiwic2xpZGVzaG93IjoiZTJkNTQ5YSJ9\" href='https:\/\/maisonfuneraire-stjean.myskydoowebsite.com\/wp-content\/uploads\/156.jpg'><img loading=\"lazy\" decoding=\"async\" width=\"800\" height=\"534\" src=\"https:\/\/maisonfuneraire-stjean.myskydoowebsite.com\/wp-content\/uploads\/156.jpg\" class=\"attachment-full size-full\" alt=\"Produits vendus par la maison fun\u00e9raire Fossoises avec une pr\u00e9sentation de cercueils, d&#039;urnes, d&#039;ornement de tombe et de composition florales.\" srcset=\"https:\/\/maisonfuneraire-stjean.myskydoowebsite.com\/wp-content\/uploads\/156.jpg 800w, https:\/\/maisonfuneraire-stjean.myskydoowebsite.com\/wp-content\/uploads\/156-768x513.jpg 768w\" sizes=\"(max-width: 800px) 100vw, 800px\" title=\"\"><\/a>\n\t\t\t<\/div><\/figure>\n\t\t<\/div>\n\t\t<\/div>\n\t\t\t\t\t\t<\/div>\n\t\t\t\t<\/div>\n\t\t\t\t<\/div>\n\t\t\t\t\t<\/div>\n\t\t\t\t<\/div>\n\t\t\t\t<\/div>\n\t\t","protected":false},"excerpt":{"rendered":"<p>Nous sommes l\u00e0 pour vous0489\/281.515Nous sommes l\u00e0 pour vous0489\/281.515 Composition florale Nous r\u00e9alisons vos compositions florales Un magnifique bouquet de fleurs constitue la fa\u00e7on id\u00e9ale de rendre un dernier hommage \u00e0 une personne proche ou d&rsquo;honorer sa m\u00e9moire. Les Pompes Fun\u00e8bres Fossoises vous proposent un vaste choix de\u00a0compositions Florales \u00e0 Fosses-la-Ville, dans toute la Belgique [&hellip;]<\/p>\n","protected":false},"author":1,"featured_media":0,"parent":0,"menu_order":0,"comment_status":"closed","ping_status":"closed","template":"elementor_header_footer","meta":{"footnotes":""},"class_list":["post-117","page","type-page","status-publish","hentry"],"_links":{"self":[{"href":"https:\/\/maisonfuneraire-stjean.myskydoowebsite.com\/index.php?rest_route=\/wp\/v2\/pages\/117","targetHints":{"allow":["GET"]}}],"collection":[{"href":"https:\/\/maisonfuneraire-stjean.myskydoowebsite.com\/index.php?rest_route=\/wp\/v2\/pages"}],"about":[{"href":"https:\/\/maisonfuneraire-stjean.myskydoowebsite.com\/index.php?rest_route=\/wp\/v2\/types\/page"}],"author":[{"embeddable":true,"href":"https:\/\/maisonfuneraire-stjean.myskydoowebsite.com\/index.php?rest_route=\/wp\/v2\/users\/1"}],"replies":[{"embeddable":true,"href":"https:\/\/maisonfuneraire-stjean.myskydoowebsite.com\/index.php?rest_route=%2Fwp%2Fv2%2Fcomments&post=117"}],"version-history":[{"count":22,"href":"https:\/\/maisonfuneraire-stjean.myskydoowebsite.com\/index.php?rest_route=\/wp\/v2\/pages\/117\/revisions"}],"predecessor-version":[{"id":544,"href":"https:\/\/maisonfuneraire-stjean.myskydoowebsite.com\/index.php?rest_route=\/wp\/v2\/pages\/117\/revisions\/544"}],"wp:attachment":[{"href":"https:\/\/maisonfuneraire-stjean.myskydoowebsite.com\/index.php?rest_route=%2Fwp%2Fv2%2Fmedia&parent=117"}],"curies":[{"name":"wp","href":"https:\/\/api.w.org\/{rel}","templated":true}]}}